{"id":2,"date":"2024-04-06T18:26:19","date_gmt":"2024-04-06T18:26:19","guid":{"rendered":"http:\/\/www.marekfilipiak.pl\/?page_id=2"},"modified":"2024-07-28T20:35:49","modified_gmt":"2024-07-28T20:35:49","slug":"sample-page","status":"publish","type":"page","link":"https:\/\/www.marekfilipiak.pl\/index.php\/sample-page\/","title":{"rendered":"Portfolio"},"content":{"rendered":"\n<p><\/p>\n\n\n\n<div id=\"affiliatex-single-product-style-08153f0b-5be7-456b-853c-0b267b347101\" class=\"wp-block-affiliatex-single-product\"><div class=\"affx-single-product-wrapper product-layout-1\"><div class=\"affx-sp-inner\"><div class=\"affx-sp-content image-left \"><div class=\"affx-sp-img-wrapper\"><img decoding=\"async\" data-src=\"http:\/\/www.marekfilipiak.pl\/wp-content\/uploads\/2024\/07\/rodzinnaS-4-scaled.jpg\" src=\"data:image\/svg+xml;base64,PHN2ZyB3aWR0aD0iMSIgaGVpZ2h0PSIxIiB4bWxucz0iaHR0cDovL3d3dy53My5vcmcvMjAwMC9zdmciPjwvc3ZnPg==\" class=\"lazyload\" style=\"--smush-placeholder-width: 2560px; --smush-placeholder-aspect-ratio: 2560\/1703;\" \/><\/div><div class=\"affx-sp-content-wrapper\"><div class=\"title-wrapper affx-star-rating \"><div class=\"affx-title-left\"><h2 class=\"affx-single-product-title\">Sesje rodzinne<\/h2><\/div><\/div><div class=\"affx-single-product-content\"><p class=\"affiliatex-content\">Wykonuje sesje rodzinne studyjne albo plenerowe. Sesja trwa oko\u0142o 3 godzin. Dost\u0119pne s\u0105 r\u00f3\u017cne pakiety ilo\u015bci zdj\u0119\u0107. <\/p><\/div><\/div><\/div><\/div><\/div><\/div>\n\n\n\n<div id=\"affiliatex-single-product-style-3b4b58a4-015e-41f7-8564-46c3235f72e0\" class=\"wp-block-affiliatex-single-product\"><div class=\"affx-single-product-wrapper product-layout-1\"><div class=\"affx-sp-inner\"><div class=\"affx-sp-content image-left \"><div class=\"affx-sp-img-wrapper\"><img decoding=\"async\" data-src=\"http:\/\/www.marekfilipiak.pl\/wp-content\/uploads\/2024\/07\/Tango-5-scaled.jpg\" src=\"data:image\/svg+xml;base64,PHN2ZyB3aWR0aD0iMSIgaGVpZ2h0PSIxIiB4bWxucz0iaHR0cDovL3d3dy53My5vcmcvMjAwMC9zdmciPjwvc3ZnPg==\" class=\"lazyload\" style=\"--smush-placeholder-width: 2560px; --smush-placeholder-aspect-ratio: 2560\/1703;\" \/><\/div><div class=\"affx-sp-content-wrapper\"><div class=\"title-wrapper affx-star-rating \"><div class=\"affx-title-left\"><h2 class=\"affx-single-product-title\">Zdj\u0119cia eventowe <\/h2><\/div><\/div><div class=\"affx-single-product-content\"><p class=\"affiliatex-content\">Specjalizuje si\u0119 w reporta\u017cach koncertowych, spektakli teatralnych i innych imprez.<\/p><\/div><\/div><\/div><\/div><\/div><\/div>\n\n\n\n<div id=\"affiliatex-single-product-style-80ee4baf-ebe9-423e-821e-dcf1127e0cfc\" class=\"wp-block-affiliatex-single-product\"><div class=\"affx-single-product-wrapper product-layout-1\"><div class=\"affx-sp-inner\"><div class=\"affx-sp-content image-left \"><div class=\"affx-sp-img-wrapper\"><img decoding=\"async\" data-src=\"http:\/\/www.marekfilipiak.pl\/wp-content\/uploads\/2024\/07\/MAR2307a-scaled.jpg\" src=\"data:image\/svg+xml;base64,PHN2ZyB3aWR0aD0iMSIgaGVpZ2h0PSIxIiB4bWxucz0iaHR0cDovL3d3dy53My5vcmcvMjAwMC9zdmciPjwvc3ZnPg==\" class=\"lazyload\" style=\"--smush-placeholder-width: 2560px; --smush-placeholder-aspect-ratio: 2560\/1707;\" \/><\/div><div class=\"affx-sp-content-wrapper\"><div class=\"title-wrapper affx-star-rating \"><div class=\"affx-title-left\"><h2 class=\"affx-single-product-title\">Komunie, chrzciny, \u015bluby&#8230; <\/h2><\/div><\/div><div class=\"affx-single-product-content\"><p class=\"affiliatex-content\">Wykonuje sesje z wszelkiego rodzaju imprez rodzinnych.<\/p><\/div><\/div><\/div><\/div><\/div><\/div>\n\n\n\n<div id=\"affiliatex-single-product-style-103c77a3-8b51-4c19-b16a-2f89122cbcce\" class=\"wp-block-affiliatex-single-product\"><div class=\"affx-single-product-wrapper product-layout-1\"><div class=\"affx-sp-inner\"><div class=\"affx-sp-content image-left \"><div class=\"affx-sp-img-wrapper\"><img decoding=\"async\" data-src=\"http:\/\/www.marekfilipiak.pl\/wp-content\/uploads\/2024\/07\/panienski-14-scaled.jpg\" src=\"data:image\/svg+xml;base64,PHN2ZyB3aWR0aD0iMSIgaGVpZ2h0PSIxIiB4bWxucz0iaHR0cDovL3d3dy53My5vcmcvMjAwMC9zdmciPjwvc3ZnPg==\" class=\"lazyload\" style=\"--smush-placeholder-width: 2560px; --smush-placeholder-aspect-ratio: 2560\/1703;\" \/><\/div><div class=\"affx-sp-content-wrapper\"><div class=\"title-wrapper affx-star-rating \"><div class=\"affx-title-left\"><h2 class=\"affx-single-product-title\">Panie\u0144ski&#8230; <\/h2><\/div><\/div><div class=\"affx-single-product-content\"><p class=\"affiliatex-content\">Zapraszam na super pakiet zdj\u0119\u0107 z wieczoru panie\u0144skiego. Mo\u017cliwo\u015b\u0107 zorganizowania wst\u0119pu do imprezy w studio&#8230;<\/p><\/div><\/div><\/div><\/div><\/div><\/div>\n\n\n\n<div id=\"affiliatex-single-product-style-e148bc7d-8b7e-447e-911f-dddb2332cfae\" class=\"wp-block-affiliatex-single-product\"><div class=\"affx-single-product-wrapper product-layout-1\"><div class=\"affx-sp-inner\"><div class=\"affx-sp-content image-left \"><div class=\"affx-sp-img-wrapper\"><img decoding=\"async\" data-src=\"http:\/\/www.marekfilipiak.pl\/wp-content\/uploads\/2024\/07\/wikunia-3a.jpg\" src=\"data:image\/svg+xml;base64,PHN2ZyB3aWR0aD0iMSIgaGVpZ2h0PSIxIiB4bWxucz0iaHR0cDovL3d3dy53My5vcmcvMjAwMC9zdmciPjwvc3ZnPg==\" class=\"lazyload\" style=\"--smush-placeholder-width: 1987px; --smush-placeholder-aspect-ratio: 1987\/1325;\" \/><\/div><div class=\"affx-sp-content-wrapper\"><div class=\"title-wrapper affx-star-rating \"><div class=\"affx-title-left\"><h2 class=\"affx-single-product-title\">Sesja wizerunkowa<\/h2><\/div><\/div><div class=\"affx-single-product-content\"><p class=\"affiliatex-content\">Wykonam sesje studyjn\u0105 wizerunkow\u0105.<\/p><\/div><\/div><\/div><\/div><\/div><\/div>\n\n\n\n<div id=\"affiliatex-single-product-style-f884c141-8077-4228-a289-9c6b697cd725\" class=\"wp-block-affiliatex-single-product\"><div class=\"affx-single-product-wrapper product-layout-1\"><div class=\"affx-sp-inner\"><div class=\"affx-sp-content image-left \"><div class=\"affx-sp-img-wrapper\"><img decoding=\"async\" data-src=\"http:\/\/www.marekfilipiak.pl\/wp-content\/uploads\/2024\/07\/wigfirm-198-scaled.jpg\" src=\"data:image\/svg+xml;base64,PHN2ZyB3aWR0aD0iMSIgaGVpZ2h0PSIxIiB4bWxucz0iaHR0cDovL3d3dy53My5vcmcvMjAwMC9zdmciPjwvc3ZnPg==\" class=\"lazyload\" style=\"--smush-placeholder-width: 2560px; --smush-placeholder-aspect-ratio: 2560\/1707;\" \/><\/div><div class=\"affx-sp-content-wrapper\"><div class=\"title-wrapper affx-star-rating \"><div class=\"affx-title-left\"><h2 class=\"affx-single-product-title\">Zdj\u0119cia z imprez firmowych<\/h2><\/div><\/div><div class=\"affx-single-product-content\"><p class=\"affiliatex-content\">Reporta\u017c z imprez firmowych.<br><br><\/p><\/div><\/div><\/div><\/div><\/div><\/div>\n","protected":false},"excerpt":{"rendered":"","protected":false},"author":1,"featured_media":0,"parent":0,"menu_order":0,"comment_status":"closed","ping_status":"open","template":"","meta":{"footnotes":""},"class_list":["post-2","page","type-page","status-publish","hentry"],"_links":{"self":[{"href":"https:\/\/www.marekfilipiak.pl\/index.php\/wp-json\/wp\/v2\/pages\/2","targetHints":{"allow":["GET"]}}],"collection":[{"href":"https:\/\/www.marekfilipiak.pl\/index.php\/wp-json\/wp\/v2\/pages"}],"about":[{"href":"https:\/\/www.marekfilipiak.pl\/index.php\/wp-json\/wp\/v2\/types\/page"}],"author":[{"embeddable":true,"href":"https:\/\/www.marekfilipiak.pl\/index.php\/wp-json\/wp\/v2\/users\/1"}],"replies":[{"embeddable":true,"href":"https:\/\/www.marekfilipiak.pl\/index.php\/wp-json\/wp\/v2\/comments?post=2"}],"version-history":[{"count":23,"href":"https:\/\/www.marekfilipiak.pl\/index.php\/wp-json\/wp\/v2\/pages\/2\/revisions"}],"predecessor-version":[{"id":394,"href":"https:\/\/www.marekfilipiak.pl\/index.php\/wp-json\/wp\/v2\/pages\/2\/revisions\/394"}],"wp:attachment":[{"href":"https:\/\/www.marekfilipiak.pl\/index.php\/wp-json\/wp\/v2\/media?parent=2"}],"curies":[{"name":"wp","href":"https:\/\/api.w.org\/{rel}","templated":true}]}}