{"id":63,"date":"2024-07-20T19:56:14","date_gmt":"2024-07-20T19:56:14","guid":{"rendered":"https:\/\/www.marekfilipiak.pl\/?page_id=63"},"modified":"2024-07-28T16:59:02","modified_gmt":"2024-07-28T16:59:02","slug":"studio","status":"publish","type":"page","link":"https:\/\/www.marekfilipiak.pl\/index.php\/studio\/","title":{"rendered":"Studio"},"content":{"rendered":"\n<h4 class=\"wp-block-heading\">StudiDayLight.pl<\/h4>\n\n\n\n<p>Jestem wsp\u00f3\u0142w\u0142a\u015bcicielem studia fotograficznego w \u0141odzi mieszcz\u0105cego si\u0119 na ul. Jerzego 10\/12. Zapraszam serdecznie na sesje i do wynajmu prawie 200 metr\u00f3w powierzchni.  <\/p>\n\n\n\n<figure class=\"wp-block-image aligncenter size-large has-custom-border is-style-fotawp-boxshadow-medium\"><img fetchpriority=\"high\" decoding=\"async\" width=\"1024\" height=\"500\" src=\"https:\/\/www.marekfilipiak.pl\/wp-content\/uploads\/2024\/07\/glowne5-1-2-1024x500.jpg\" alt=\"\" class=\"wp-image-41\" style=\"border-radius:0px\" srcset=\"https:\/\/www.marekfilipiak.pl\/wp-content\/uploads\/2024\/07\/glowne5-1-2-1024x500.jpg 1024w, https:\/\/www.marekfilipiak.pl\/wp-content\/uploads\/2024\/07\/glowne5-1-2-300x147.jpg 300w, https:\/\/www.marekfilipiak.pl\/wp-content\/uploads\/2024\/07\/glowne5-1-2-768x375.jpg 768w, https:\/\/www.marekfilipiak.pl\/wp-content\/uploads\/2024\/07\/glowne5-1-2-1536x751.jpg 1536w, https:\/\/www.marekfilipiak.pl\/wp-content\/uploads\/2024\/07\/glowne5-1-2.jpg 2042w\" sizes=\"(max-width: 1024px) 100vw, 1024px\" \/><\/figure>\n","protected":false},"excerpt":{"rendered":"<p>StudioDayLight.pl<\/p>\n","protected":false},"author":1,"featured_media":0,"parent":0,"menu_order":0,"comment_status":"closed","ping_status":"closed","template":"","meta":{"footnotes":""},"class_list":["post-63","page","type-page","status-publish","hentry"],"_links":{"self":[{"href":"https:\/\/www.marekfilipiak.pl\/index.php\/wp-json\/wp\/v2\/pages\/63","targetHints":{"allow":["GET"]}}],"collection":[{"href":"https:\/\/www.marekfilipiak.pl\/index.php\/wp-json\/wp\/v2\/pages"}],"about":[{"href":"https:\/\/www.marekfilipiak.pl\/index.php\/wp-json\/wp\/v2\/types\/page"}],"author":[{"embeddable":true,"href":"https:\/\/www.marekfilipiak.pl\/index.php\/wp-json\/wp\/v2\/users\/1"}],"replies":[{"embeddable":true,"href":"https:\/\/www.marekfilipiak.pl\/index.php\/wp-json\/wp\/v2\/comments?post=63"}],"version-history":[{"count":5,"href":"https:\/\/www.marekfilipiak.pl\/index.php\/wp-json\/wp\/v2\/pages\/63\/revisions"}],"predecessor-version":[{"id":384,"href":"https:\/\/www.marekfilipiak.pl\/index.php\/wp-json\/wp\/v2\/pages\/63\/revisions\/384"}],"wp:attachment":[{"href":"https:\/\/www.marekfilipiak.pl\/index.php\/wp-json\/wp\/v2\/media?parent=63"}],"curies":[{"name":"wp","href":"https:\/\/api.w.org\/{rel}","templated":true}]}}