{"id":67,"date":"2024-07-24T14:43:03","date_gmt":"2024-07-24T14:43:03","guid":{"rendered":"https:\/\/www.marekfilipiak.pl\/?page_id=67"},"modified":"2024-07-28T17:00:35","modified_gmt":"2024-07-28T17:00:35","slug":"marekfilipiak-pl","status":"publish","type":"page","link":"https:\/\/www.marekfilipiak.pl\/","title":{"rendered":"marekfilipiak.pl"},"content":{"rendered":"\n<h4 class=\"wp-block-heading has-x-large-font-size\">Najnowsze Blogi<\/h4>\n\n\n\n<div class=\"wp-block-group is-layout-constrained wp-block-group-is-layout-constrained\">\n<div class=\"wp-block-columns is-layout-flex wp-container-core-columns-is-layout-1 wp-block-columns-is-layout-flex\">\n<div class=\"wp-block-column is-layout-flow wp-block-column-is-layout-flow\" style=\"flex-basis:100%\">\n<div class=\"wp-block-group is-layout-constrained wp-block-group-is-layout-constrained\"><ul class=\"wp-block-latest-posts__list is-grid columns-3 wp-block-latest-posts\"><li><div class=\"wp-block-latest-posts__featured-image\"><img fetchpriority=\"high\" decoding=\"async\" width=\"240\" height=\"300\" src=\"https:\/\/www.marekfilipiak.pl\/wp-content\/uploads\/2025\/04\/asia311-32-240x300.jpg\" class=\"attachment-medium size-medium wp-post-image\" alt=\"\" style=\"\" srcset=\"https:\/\/www.marekfilipiak.pl\/wp-content\/uploads\/2025\/04\/asia311-32-240x300.jpg 240w, https:\/\/www.marekfilipiak.pl\/wp-content\/uploads\/2025\/04\/asia311-32-819x1024.jpg 819w, https:\/\/www.marekfilipiak.pl\/wp-content\/uploads\/2025\/04\/asia311-32-768x960.jpg 768w, https:\/\/www.marekfilipiak.pl\/wp-content\/uploads\/2025\/04\/asia311-32-1229x1536.jpg 1229w, https:\/\/www.marekfilipiak.pl\/wp-content\/uploads\/2025\/04\/asia311-32.jpg 1638w\" sizes=\"(max-width: 240px) 100vw, 240px\" \/><\/div><a class=\"wp-block-latest-posts__post-title\" href=\"https:\/\/www.marekfilipiak.pl\/index.php\/2024\/11\/10\/sesja-halloween-asia\/\">Sesja Halloween &#8211; Asia<\/a><div class=\"wp-block-latest-posts__post-excerpt\">Sesja zdj\u0119ciowa Halloween wykonana w StudioDayLight.pl w roli modelki Asia, make-up wykona\u0142a Ania. To by\u0142a udana wsp\u00f3\u0142praca a efekty wida\u0107 poni\u017cej.<\/div><\/li>\n<li><div class=\"wp-block-latest-posts__featured-image\"><img decoding=\"async\" width=\"214\" height=\"300\" data-src=\"https:\/\/www.marekfilipiak.pl\/wp-content\/uploads\/2024\/09\/oliwia1209-6-214x300.jpg\" class=\"attachment-medium size-medium wp-post-image lazyload\" alt=\"\" data-srcset=\"https:\/\/www.marekfilipiak.pl\/wp-content\/uploads\/2024\/09\/oliwia1209-6-214x300.jpg 214w, https:\/\/www.marekfilipiak.pl\/wp-content\/uploads\/2024\/09\/oliwia1209-6-732x1024.jpg 732w, https:\/\/www.marekfilipiak.pl\/wp-content\/uploads\/2024\/09\/oliwia1209-6-768x1075.jpg 768w, https:\/\/www.marekfilipiak.pl\/wp-content\/uploads\/2024\/09\/oliwia1209-6-1097x1536.jpg 1097w, https:\/\/www.marekfilipiak.pl\/wp-content\/uploads\/2024\/09\/oliwia1209-6.jpg 1463w\" data-sizes=\"(max-width: 214px) 100vw, 214px\" src=\"data:image\/svg+xml;base64,PHN2ZyB3aWR0aD0iMSIgaGVpZ2h0PSIxIiB4bWxucz0iaHR0cDovL3d3dy53My5vcmcvMjAwMC9zdmciPjwvc3ZnPg==\" style=\"--smush-placeholder-width: 214px; --smush-placeholder-aspect-ratio: 214\/300;\" \/><\/div><a class=\"wp-block-latest-posts__post-title\" href=\"https:\/\/www.marekfilipiak.pl\/index.php\/2024\/09\/18\/oliwia\/\">Oliwia<\/a><div class=\"wp-block-latest-posts__post-excerpt\">Spontaniczna sesja kobieca z Oliwi\u0105 w Studiodaylight.pl<\/div><\/li>\n<li><div class=\"wp-block-latest-posts__featured-image\"><img decoding=\"async\" width=\"300\" height=\"200\" data-src=\"https:\/\/www.marekfilipiak.pl\/wp-content\/uploads\/2024\/07\/MAR9373-Edytuj-300x200.jpg\" class=\"attachment-medium size-medium wp-post-image lazyload\" alt=\"\" data-srcset=\"https:\/\/www.marekfilipiak.pl\/wp-content\/uploads\/2024\/07\/MAR9373-Edytuj-300x200.jpg 300w, https:\/\/www.marekfilipiak.pl\/wp-content\/uploads\/2024\/07\/MAR9373-Edytuj-1024x682.jpg 1024w, https:\/\/www.marekfilipiak.pl\/wp-content\/uploads\/2024\/07\/MAR9373-Edytuj-768x512.jpg 768w, https:\/\/www.marekfilipiak.pl\/wp-content\/uploads\/2024\/07\/MAR9373-Edytuj-1536x1024.jpg 1536w, https:\/\/www.marekfilipiak.pl\/wp-content\/uploads\/2024\/07\/MAR9373-Edytuj-2048x1365.jpg 2048w\" data-sizes=\"(max-width: 300px) 100vw, 300px\" src=\"data:image\/svg+xml;base64,PHN2ZyB3aWR0aD0iMSIgaGVpZ2h0PSIxIiB4bWxucz0iaHR0cDovL3d3dy53My5vcmcvMjAwMC9zdmciPjwvc3ZnPg==\" style=\"--smush-placeholder-width: 300px; --smush-placeholder-aspect-ratio: 300\/200;\" \/><\/div><a class=\"wp-block-latest-posts__post-title\" href=\"https:\/\/www.marekfilipiak.pl\/index.php\/2024\/07\/28\/kobieca-sesja-studyjna\/\">Kobieca sesja studyjna.<\/a><div class=\"wp-block-latest-posts__post-excerpt\">Sesja studyjna.<\/div><\/li>\n<li><div class=\"wp-block-latest-posts__featured-image\"><img decoding=\"async\" width=\"300\" height=\"200\" data-src=\"https:\/\/www.marekfilipiak.pl\/wp-content\/uploads\/2024\/07\/klaudia-5-300x200.jpg\" class=\"attachment-medium size-medium wp-post-image lazyload\" alt=\"\" data-srcset=\"https:\/\/www.marekfilipiak.pl\/wp-content\/uploads\/2024\/07\/klaudia-5-300x200.jpg 300w, https:\/\/www.marekfilipiak.pl\/wp-content\/uploads\/2024\/07\/klaudia-5-1024x683.jpg 1024w, https:\/\/www.marekfilipiak.pl\/wp-content\/uploads\/2024\/07\/klaudia-5-768x512.jpg 768w, https:\/\/www.marekfilipiak.pl\/wp-content\/uploads\/2024\/07\/klaudia-5-1536x1024.jpg 1536w, https:\/\/www.marekfilipiak.pl\/wp-content\/uploads\/2024\/07\/klaudia-5-2048x1365.jpg 2048w\" data-sizes=\"(max-width: 300px) 100vw, 300px\" src=\"data:image\/svg+xml;base64,PHN2ZyB3aWR0aD0iMSIgaGVpZ2h0PSIxIiB4bWxucz0iaHR0cDovL3d3dy53My5vcmcvMjAwMC9zdmciPjwvc3ZnPg==\" style=\"--smush-placeholder-width: 300px; --smush-placeholder-aspect-ratio: 300\/200;\" \/><\/div><a class=\"wp-block-latest-posts__post-title\" href=\"https:\/\/www.marekfilipiak.pl\/index.php\/2024\/04\/06\/sesjaplen\/\">Biznesowa sesja plenerowa.<\/a><div class=\"wp-block-latest-posts__post-excerpt\">Sesja zdj\u0119ciowa wykonana w plenerze.\n\n<\/div><\/li>\n<\/ul><\/div>\n<\/div>\n<\/div>\n<\/div>\n","protected":false},"excerpt":{"rendered":"<p>Najnowsze Blogi<\/p>\n","protected":false},"author":1,"featured_media":0,"parent":0,"menu_order":0,"comment_status":"closed","ping_status":"closed","template":"","meta":{"footnotes":""},"class_list":["post-67","page","type-page","status-publish","hentry"],"_links":{"self":[{"href":"https:\/\/www.marekfilipiak.pl\/index.php\/wp-json\/wp\/v2\/pages\/67","targetHints":{"allow":["GET"]}}],"collection":[{"href":"https:\/\/www.marekfilipiak.pl\/index.php\/wp-json\/wp\/v2\/pages"}],"about":[{"href":"https:\/\/www.marekfilipiak.pl\/index.php\/wp-json\/wp\/v2\/types\/page"}],"author":[{"embeddable":true,"href":"https:\/\/www.marekfilipiak.pl\/index.php\/wp-json\/wp\/v2\/users\/1"}],"replies":[{"embeddable":true,"href":"https:\/\/www.marekfilipiak.pl\/index.php\/wp-json\/wp\/v2\/comments?post=67"}],"version-history":[{"count":34,"href":"https:\/\/www.marekfilipiak.pl\/index.php\/wp-json\/wp\/v2\/pages\/67\/revisions"}],"predecessor-version":[{"id":399,"href":"https:\/\/www.marekfilipiak.pl\/index.php\/wp-json\/wp\/v2\/pages\/67\/revisions\/399"}],"wp:attachment":[{"href":"https:\/\/www.marekfilipiak.pl\/index.php\/wp-json\/wp\/v2\/media?parent=67"}],"curies":[{"name":"wp","href":"https:\/\/api.w.org\/{rel}","templated":true}]}}